{"id":4589,"date":"2024-09-03T13:26:18","date_gmt":"2024-09-03T10:26:18","guid":{"rendered":"https:\/\/finnmax.com.tr\/?page_id=4589"},"modified":"2025-01-27T12:43:47","modified_gmt":"2025-01-27T09:43:47","slug":"spa-urunlerimiz","status":"publish","type":"page","link":"https:\/\/finnmax.com.tr\/en\/spa-urunlerimiz\/","title":{"rendered":"SPA \u00dcr\u00fcnlerimiz"},"content":{"rendered":"<section id=\"g-ibnbl9g\" class=\"wp-block-gutentor-m4 section-g-ibnbl9g gutentor-module gutentor-advanced-columns has-color-bg has-custom-bg gutentor-equal-column-height\"><div class=\"grid-container\"><div class=\"grid-row\">\n<div id=\"col-g-x10xmzx\" class=\"wp-block-gutentor-m4-col col-g-x10xmzx gutentor-single-column  grid-lg-6 grid-md-12 grid-6 wow slideInUp\" data-wow-animation=\"slideInUp\"><div id=\"section-g-x10xmzx\" class=\"section-g-x10xmzx gutentor-col-wrap has-color-bg has-custom-bg\">\n<div id=\"section-g-ril0ehp\" class=\"wp-block-gutentor-e0 section-g-ril0ehp gutentor-element gutentor-element-advanced-text\"><div class=\"gutentor-text-wrap\"><h1 class=\"gutentor-text\">SPA<br>Products<\/h1><\/div><\/div>\n<\/div><\/div>\n\n\n\n<div id=\"col-g-x21irw1\" class=\"wp-block-gutentor-m4-col col-g-x21irw1 gutentor-single-column  grid-lg-6 grid-md-12 grid-6\"><div id=\"section-g-x21irw1\" class=\"section-g-x21irw1 gutentor-col-wrap\"><\/div><\/div>\n<\/div><\/div><\/section>\n\n\n\n<section id=\"g-pjdvmel\" class=\"wp-block-gutentor-m4 section-g-pjdvmel gutentor-module gutentor-advanced-columns\"><div class=\"grid-container\"><div class=\"grid-row\">\n<div id=\"col-g-klhbf0m\" class=\"wp-block-gutentor-m4-col col-g-klhbf0m gutentor-single-column  grid-lg-12 grid-md-12 grid-12\"><div id=\"section-g-klhbf0m\" class=\"section-g-klhbf0m gutentor-col-wrap\">\n<section id=\"g-l6al1ll\" class=\"wp-block-gutentor-m4 section-g-l6al1ll gutentor-module gutentor-advanced-columns\"><div class=\"grid-container\"><div class=\"grid-row\">\n<div id=\"col-g-1bvz1pj\" class=\"wp-block-gutentor-m4-col col-g-1bvz1pj gutentor-single-column  grid-lg-12 grid-md-12 grid-12\"><div id=\"section-g-1bvz1pj\" class=\"section-g-1bvz1pj gutentor-col-wrap\"><div class=\"wp-block-ultimate-post-post-grid-1 ultp-block-35dbf9\"><div class=\"ultp-block-wrapper\"><div class=\"ultp-loading\"><div class=\"ultp-loading-blocks\" style=\"width:100%;height:100%\"><div style=\"left: 0;top: 0\"><\/div><div style=\"left: 21px;top: 0\"><\/div><div style=\"left: 42px;top: 0\"><\/div><div style=\"left: 0;top: 21px\"><\/div><div style=\"left: 42px;top: 21px\"><\/div><div style=\"left: 0;top: 42px\"><\/div><div style=\"left: 42px;top: 42px\"><\/div><div style=\"left: 21px;top: 42px\"><\/div><\/div><\/div><div class=\"ultp-heading-filter\"><div class=\"ultp-heading-filter-in\"><div class=\"ultp-filter-navigation\"><\/div><\/div><\/div><div class=\"ultp-block-items-wrap ultp-block-row ultp-pg1a-style1 ultp-block-column-3 ultp-layout1\"><div class=\"ultp-block-item post-id-6708\"><div class=\"ultp-block-content-wrap\"><div class=\"ultp-block-image ultp-block-image-opacity\"><a href=\"https:\/\/finnmax.com.tr\/en\/urunlerimiz\/wasp-sauna-sobasi-6-9kw\/\"><img decoding=\"async\" alt=\"Wasp Sauna Sobas\u0131 6-9kW\" src=\"https:\/\/finnmax.com.tr\/wp-content\/uploads\/2024\/11\/wasp-01.jpg\" \/><\/a><\/div><div class=\"ultp-block-content\"><h3 class=\"ultp-block-title\"><a href=\"https:\/\/finnmax.com.tr\/en\/urunlerimiz\/wasp-sauna-sobasi-6-9kw\/\">Wasp Sauna Sobas\u0131 6-9kW<\/a><\/h3><\/div><\/div><\/div><div class=\"ultp-block-item post-id-6702\"><div class=\"ultp-block-content-wrap\"><div class=\"ultp-block-image ultp-block-image-opacity\"><a href=\"https:\/\/finnmax.com.tr\/en\/urunlerimiz\/thanos-sauna-sobasi-4-6-9kw\/\"><img decoding=\"async\" alt=\"Thanos Sauna Sobas\u0131 4-6-9 kW\" src=\"https:\/\/finnmax.com.tr\/wp-content\/uploads\/2024\/11\/thanos-2-1.jpg\" \/><\/a><\/div><div class=\"ultp-block-content\"><h3 class=\"ultp-block-title\"><a href=\"https:\/\/finnmax.com.tr\/en\/urunlerimiz\/thanos-sauna-sobasi-4-6-9kw\/\">Thanos Sauna Sobas\u0131 4-6-9 kW<\/a><\/h3><\/div><\/div><\/div><div class=\"ultp-block-item post-id-5966\"><div class=\"ultp-block-content-wrap\"><div class=\"ultp-block-image ultp-block-image-opacity\"><a href=\"https:\/\/finnmax.com.tr\/en\/urunlerimiz\/buhar-odasi-jenaratoru\/\"><img decoding=\"async\" alt=\"Buhar Odas\u0131 Jenerat\u00f6r\u00fc\" src=\"https:\/\/finnmax.com.tr\/wp-content\/uploads\/2024\/11\/nemlendirici-01.jpg\" \/><\/a><\/div><div class=\"ultp-block-content\"><h3 class=\"ultp-block-title\"><a href=\"https:\/\/finnmax.com.tr\/en\/urunlerimiz\/buhar-odasi-jenaratoru\/\">Buhar Odas\u0131 Jenerat\u00f6r\u00fc<\/a><\/h3><\/div><\/div><\/div><div class=\"ultp-block-item post-id-6695\"><div class=\"ultp-block-content-wrap\"><div class=\"ultp-block-image ultp-block-image-opacity\"><a href=\"https:\/\/finnmax.com.tr\/en\/urunlerimiz\/sauna-sobasi-3-6kw\/\"><img decoding=\"async\" alt=\"Sauna Sobas\u0131 3,6 kW\" src=\"https:\/\/finnmax.com.tr\/wp-content\/uploads\/2024\/11\/Sauna-Sobasi-36-KW-1.jpg\" \/><\/a><\/div><div class=\"ultp-block-content\"><h3 class=\"ultp-block-title\"><a href=\"https:\/\/finnmax.com.tr\/en\/urunlerimiz\/sauna-sobasi-3-6kw\/\">Sauna Sobas\u0131 3,6 kW<\/a><\/h3><\/div><\/div><\/div><div class=\"ultp-block-item post-id-6688\"><div class=\"ultp-block-content-wrap\"><div class=\"ultp-block-image ultp-block-image-opacity\"><a href=\"https:\/\/finnmax.com.tr\/en\/urunlerimiz\/sauna-sobasi-6-9-kw\/\"><img decoding=\"async\" alt=\"Sauna Sobas\u0131 6-9 kW\" src=\"https:\/\/finnmax.com.tr\/wp-content\/uploads\/2024\/11\/sauna-6-9.jpg\" \/><\/a><\/div><div class=\"ultp-block-content\"><h3 class=\"ultp-block-title\"><a href=\"https:\/\/finnmax.com.tr\/en\/urunlerimiz\/sauna-sobasi-6-9-kw\/\">Sauna Sobas\u0131 6-9 kW<\/a><\/h3><\/div><\/div><\/div><div class=\"ultp-block-item post-id-6679\"><div class=\"ultp-block-content-wrap\"><div class=\"ultp-block-image ultp-block-image-opacity\"><a href=\"https:\/\/finnmax.com.tr\/en\/urunlerimiz\/yer-tipi-sauna-sobasi-6-9-kw\/\"><img decoding=\"async\" alt=\"Yer Tipi Sauna Sobas\u0131 6-9 kW\" src=\"https:\/\/finnmax.com.tr\/wp-content\/uploads\/2024\/11\/yer-tipi-sauna-sobasi-02.jpg\" \/><\/a><\/div><div class=\"ultp-block-content\"><h3 class=\"ultp-block-title\"><a href=\"https:\/\/finnmax.com.tr\/en\/urunlerimiz\/yer-tipi-sauna-sobasi-6-9-kw\/\">Yer Tipi Sauna Sobas\u0131 6-9 kW<\/a><\/h3><\/div><\/div><\/div><div class=\"ultp-block-item post-id-7042\"><div class=\"ultp-block-content-wrap\"><div class=\"ultp-block-image ultp-block-image-opacity\"><a href=\"https:\/\/finnmax.com.tr\/en\/urunlerimiz\/fx-sauna-sobasi\/\"><img decoding=\"async\" alt=\"FX Sauna Sobas\u0131 18 &#8211; 24 &#8211; 30 kW\" src=\"https:\/\/finnmax.com.tr\/wp-content\/uploads\/2025\/01\/fx-sauna-sobasi-02.jpg\" \/><\/a><\/div><div class=\"ultp-block-content\"><h3 class=\"ultp-block-title\"><a href=\"https:\/\/finnmax.com.tr\/en\/urunlerimiz\/fx-sauna-sobasi\/\">FX Sauna Sobas\u0131 18 &#8211; 24 &#8211; 30 kW<\/a><\/h3><\/div><\/div><\/div><div class=\"ultp-block-item post-id-6666\"><div class=\"ultp-block-content-wrap\"><div class=\"ultp-block-image ultp-block-image-opacity\"><a href=\"https:\/\/finnmax.com.tr\/en\/urunlerimiz\/sauna-sobasi-12-15-18-kw\/\"><img decoding=\"async\" alt=\"Sauna Sobas\u0131 12-15-18 Kw\" src=\"https:\/\/finnmax.com.tr\/wp-content\/uploads\/2024\/11\/sauna-sobasi-12-15-18.jpg\" \/><\/a><\/div><div class=\"ultp-block-content\"><h3 class=\"ultp-block-title\"><a href=\"https:\/\/finnmax.com.tr\/en\/urunlerimiz\/sauna-sobasi-12-15-18-kw\/\">Sauna Sobas\u0131 12-15-18 Kw<\/a><\/h3><\/div><\/div><\/div><div class=\"ultp-block-item post-id-6580\"><div class=\"ultp-block-content-wrap\"><div class=\"ultp-block-image ultp-block-image-opacity\"><a href=\"https:\/\/finnmax.com.tr\/en\/urunlerimiz\/buhar-jenaratoru-kontrol-paneli\/\"><img decoding=\"async\" alt=\"Sauna \/ Buhar Jenerat\u00f6r\u00fc Kontrol Paneli\" src=\"https:\/\/finnmax.com.tr\/wp-content\/uploads\/2024\/11\/kontrol-paneli-01.jpg\" \/><\/a><\/div><div class=\"ultp-block-content\"><h3 class=\"ultp-block-title\"><a href=\"https:\/\/finnmax.com.tr\/en\/urunlerimiz\/buhar-jenaratoru-kontrol-paneli\/\">Sauna \/ Buhar Jenerat\u00f6r\u00fc Kontrol Paneli<\/a><\/h3><\/div><\/div><\/div><div class=\"ultp-block-item post-id-6663\"><div class=\"ultp-block-content-wrap\"><div class=\"ultp-block-image ultp-block-image-opacity\"><a href=\"https:\/\/finnmax.com.tr\/en\/urunlerimiz\/nemlendirici\/\"><img decoding=\"async\" alt=\"Nemlendirici\" src=\"https:\/\/finnmax.com.tr\/wp-content\/uploads\/2024\/11\/nemlendirici-01.jpg\" \/><\/a><\/div><div class=\"ultp-block-content\"><h3 class=\"ultp-block-title\"><a href=\"https:\/\/finnmax.com.tr\/en\/urunlerimiz\/nemlendirici\/\">Nemlendirici<\/a><\/h3><\/div><\/div><\/div><div class=\"ultp-block-item post-id-6632\"><div class=\"ultp-block-content-wrap\"><div class=\"ultp-block-image ultp-block-image-opacity\"><a href=\"https:\/\/finnmax.com.tr\/en\/urunlerimiz\/sauna-sobasi-rezitansi\/\"><img decoding=\"async\" alt=\"Sauna Sobas\u0131 Rezistans\u0131\" src=\"https:\/\/finnmax.com.tr\/wp-content\/uploads\/2024\/11\/rezitans.jpg\" \/><\/a><\/div><div class=\"ultp-block-content\"><h3 class=\"ultp-block-title\"><a href=\"https:\/\/finnmax.com.tr\/en\/urunlerimiz\/sauna-sobasi-rezitansi\/\">Sauna Sobas\u0131 Rezistans\u0131<\/a><\/h3><\/div><\/div><\/div><div class=\"ultp-block-item post-id-6612\"><div class=\"ultp-block-content-wrap\"><div class=\"ultp-block-image ultp-block-image-opacity\"><a href=\"https:\/\/finnmax.com.tr\/en\/urunlerimiz\/sauna-kovasi\/\"><img decoding=\"async\" alt=\"Sauna Kovas\u0131\" src=\"https:\/\/finnmax.com.tr\/wp-content\/uploads\/2024\/11\/sauna-kovasi-1.jpg\" \/><\/a><\/div><div class=\"ultp-block-content\"><h3 class=\"ultp-block-title\"><a href=\"https:\/\/finnmax.com.tr\/en\/urunlerimiz\/sauna-kovasi\/\">Sauna Kovas\u0131<\/a><\/h3><\/div><\/div><\/div><div class=\"ultp-block-item post-id-6624\"><div class=\"ultp-block-content-wrap\"><div class=\"ultp-block-image ultp-block-image-opacity\"><a href=\"https:\/\/finnmax.com.tr\/en\/urunlerimiz\/buhar-nozulu\/\"><img decoding=\"async\" alt=\"Buhar Nozulu\" src=\"https:\/\/finnmax.com.tr\/wp-content\/uploads\/2024\/11\/nozulu.jpg\" \/><\/a><\/div><div class=\"ultp-block-content\"><h3 class=\"ultp-block-title\"><a href=\"https:\/\/finnmax.com.tr\/en\/urunlerimiz\/buhar-nozulu\/\">Buhar Nozulu<\/a><\/h3><\/div><\/div><\/div><div class=\"ultp-block-item post-id-7057\"><div class=\"ultp-block-content-wrap\"><div class=\"ultp-block-image ultp-block-image-opacity\"><a href=\"https:\/\/finnmax.com.tr\/en\/urunlerimiz\/sokkovasi\/\"><img decoding=\"async\" alt=\"\u015eok Kovas\u0131\" src=\"https:\/\/finnmax.com.tr\/wp-content\/uploads\/2025\/01\/sok-kovasi-02.jpg\" \/><\/a><\/div><div class=\"ultp-block-content\"><h3 class=\"ultp-block-title\"><a href=\"https:\/\/finnmax.com.tr\/en\/urunlerimiz\/sokkovasi\/\">\u015eok Kovas\u0131<\/a><\/h3><\/div><\/div><\/div><div class=\"ultp-block-item post-id-6596\"><div class=\"ultp-block-content-wrap\"><div class=\"ultp-block-image ultp-block-image-opacity\"><a href=\"https:\/\/finnmax.com.tr\/en\/urunlerimiz\/termometre-higrometre\/\"><img decoding=\"async\" alt=\"Termometre Higrometre\" src=\"https:\/\/finnmax.com.tr\/wp-content\/uploads\/2024\/11\/Termometre-Higrometre-2li.jpg\" \/><\/a><\/div><div class=\"ultp-block-content\"><h3 class=\"ultp-block-title\"><a href=\"https:\/\/finnmax.com.tr\/en\/urunlerimiz\/termometre-higrometre\/\">Termometre Higrometre<\/a><\/h3><\/div><\/div><\/div><div class=\"ultp-block-item post-id-6600\"><div class=\"ultp-block-content-wrap\"><div class=\"ultp-block-image ultp-block-image-opacity\"><a href=\"https:\/\/finnmax.com.tr\/en\/urunlerimiz\/kum-saati\/\"><img decoding=\"async\" alt=\"Kum Saati\" src=\"https:\/\/finnmax.com.tr\/wp-content\/uploads\/2024\/11\/kum-saati-1.jpg\" \/><\/a><\/div><div class=\"ultp-block-content\"><h3 class=\"ultp-block-title\"><a href=\"https:\/\/finnmax.com.tr\/en\/urunlerimiz\/kum-saati\/\">Kum Saati<\/a><\/h3><\/div><\/div><\/div><div class=\"ultp-block-item post-id-6639\"><div class=\"ultp-block-content-wrap\"><div class=\"ultp-block-image ultp-block-image-opacity\"><a href=\"https:\/\/finnmax.com.tr\/en\/urunlerimiz\/sauna-rezistans-koruyucu-tasi\/\"><img decoding=\"async\" alt=\"Sauna Rezistans Koruyucu Tas\u0131\" src=\"https:\/\/finnmax.com.tr\/wp-content\/uploads\/2024\/11\/koruyucu-tas.jpg\" \/><\/a><\/div><div class=\"ultp-block-content\"><h3 class=\"ultp-block-title\"><a href=\"https:\/\/finnmax.com.tr\/en\/urunlerimiz\/sauna-rezistans-koruyucu-tasi\/\">Sauna Rezistans Koruyucu Tas\u0131<\/a><\/h3><\/div><\/div><\/div><div class=\"ultp-block-item post-id-6646\"><div class=\"ultp-block-content-wrap\"><div class=\"ultp-block-image ultp-block-image-opacity\"><a href=\"https:\/\/finnmax.com.tr\/en\/urunlerimiz\/sauna-isitici-tasi\/\"><img decoding=\"async\" alt=\"Sauna Is\u0131t\u0131c\u0131 Tas\u0131\" src=\"https:\/\/finnmax.com.tr\/wp-content\/uploads\/2024\/11\/komur1.jpg\" \/><\/a><\/div><div class=\"ultp-block-content\"><h3 class=\"ultp-block-title\"><a href=\"https:\/\/finnmax.com.tr\/en\/urunlerimiz\/sauna-isitici-tasi\/\">Sauna Is\u0131t\u0131c\u0131 Tas\u0131<\/a><\/h3><\/div><\/div><\/div><\/div><div class=\"ultp-pagination-wrap ultp-pagination-ajax-action\" data-paged=\"1\" data-expost=\"\" data-blockid=\"35dbf9\" data-postid=\"4589\" data-pages=\"1\" data-blockname=\"ultimate-post_post-grid-1\" data-selfpostid=\"yes\"><\/div><\/div><\/div><\/div><\/div>\n<\/div><\/div><\/section>\n<\/div><\/div>\n<\/div><\/div><\/section>\n\n\n\n<p><\/p>","protected":false},"excerpt":{"rendered":"","protected":false},"author":1,"featured_media":0,"parent":0,"menu_order":0,"comment_status":"closed","ping_status":"closed","template":"template-gutentor-full-width.php","meta":{"footnotes":""},"class_list":["post-4589","page","type-page","status-publish","hentry"],"_links":{"self":[{"href":"https:\/\/finnmax.com.tr\/en\/wp-json\/wp\/v2\/pages\/4589","targetHints":{"allow":["GET"]}}],"collection":[{"href":"https:\/\/finnmax.com.tr\/en\/wp-json\/wp\/v2\/pages"}],"about":[{"href":"https:\/\/finnmax.com.tr\/en\/wp-json\/wp\/v2\/types\/page"}],"author":[{"embeddable":true,"href":"https:\/\/finnmax.com.tr\/en\/wp-json\/wp\/v2\/users\/1"}],"replies":[{"embeddable":true,"href":"https:\/\/finnmax.com.tr\/en\/wp-json\/wp\/v2\/comments?post=4589"}],"version-history":[{"count":37,"href":"https:\/\/finnmax.com.tr\/en\/wp-json\/wp\/v2\/pages\/4589\/revisions"}],"predecessor-version":[{"id":7072,"href":"https:\/\/finnmax.com.tr\/en\/wp-json\/wp\/v2\/pages\/4589\/revisions\/7072"}],"wp:attachment":[{"href":"https:\/\/finnmax.com.tr\/en\/wp-json\/wp\/v2\/media?parent=4589"}],"curies":[{"name":"wp","href":"https:\/\/api.w.org\/{rel}","templated":true}]}}